{"id":55777,"date":"2021-04-07T09:33:30","date_gmt":"2021-04-07T08:33:30","guid":{"rendered":"https:\/\/lesangles.com\/station-village\/"},"modified":"2024-02-23T13:38:56","modified_gmt":"2024-02-23T12:38:56","slug":"station-village","status":"publish","type":"page","link":"https:\/\/lesangles.com\/es\/station-village\/","title":{"rendered":"Station village"},"content":{"rendered":"<p>La station cr\u00e9\u00e9e en 1964 par Paul Samson est devenue une des plus performantes des Pyr\u00e9n\u00e9es apr\u00e8s 5 d\u00e9cennies.<br \/>\nLa station des Angles, gr\u00e2ce \u00e0 son concept unique dans les Pyr\u00e9n\u00e9es Orientales de \u00ab Village Station \u00bb, doit son succ\u00e8s \u00e0 son domaine skiable qui arrive au pied du clocher. Elle le doit aussi au professionnalisme de tous ses acteurs et \u00e0 la qualit\u00e9 de son accueil. Illumin\u00e9e par le soleil M\u00e9diterran\u00e9en, la station des Angles domine le paysage du plateau du Capcir en Pyr\u00e9n\u00e9es Catalanes.<br \/>\nAu petit matin, les for\u00eats et les lacs \u00e9voquent facilement le Canada. En 1964, l\u2019aventure commence aux Angles avec l\u2019installation d\u2019un premier t\u00e9l\u00e9si\u00e8ge, 2 t\u00e9l\u00e9skis suivront tr\u00e8s rapidement.<br \/>\nLes Angles, c&#8217;est aujourd&#8217;hui une station de sports d&#8217;hiver dynamique. Un domaine skiable de qualit\u00e9, une exposition propice \u00e0 un bon enneigement, un panorama exceptionnel du massif du Carlit au pied du Canigou, des pistes qui arrivent au pied du clocher, tels sont les atouts de la station.<\/p>\n<p>&nbsp;<\/p>\n<p><img loading=\"lazy\" decoding=\"async\" class=\"alignnone wp-image-13411 size-full\" src=\"https:\/\/lesangles.com\/wp-content\/uploads\/2021\/04\/Station-village.png\" alt=\"\" width=\"1200\" height=\"400\" data-src=\"https:\/\/lesangles.com\/wp-content\/uploads\/2021\/04\/Station-village-300x100.png\" srcset=\"https:\/\/lesangles.com\/wp-content\/uploads\/2021\/04\/Station-village.png 1200w, https:\/\/lesangles.com\/wp-content\/uploads\/2021\/04\/Station-village-980x327.png 980w, https:\/\/lesangles.com\/wp-content\/uploads\/2021\/04\/Station-village-480x160.png 480w\" sizes=\"(min-width: 0px) and (max-width: 480px) 480px, (min-width: 481px) and (max-width: 980px) 980px, (min-width: 981px) 1200px, 100vw\" \/><\/p>\n<p>&nbsp;<\/p>\n<p>Les Angles, c&#8217;est la station de toutes les glisses \u2026. pour les amoureux du surf et pour les skieurs. Les Angles, c&#8217;est aussi le dynamisme hivernal et le charme d&#8217;un vieux village Catalan alli\u00e9 aux atouts d&#8217;une station de sports d&#8217;hiver.<br \/>\nC\u2019est un village qui offre, sur les pentes du Roc d&#8217;Aude et du Mont Llaret entre 1 600m et 2 400m d&#8217;altitude, 55km de pistes tous niveaux.<br \/>\nLa station a aussi forg\u00e9 sa r\u00e9putation sur sa capacit\u00e9 d\u2019innovation permanente en mati\u00e8re de ski avec des concepts originaux et un domaine de qualit\u00e9. Les pistes sont trac\u00e9es dans la for\u00eat et induisent au respect de la nature.<br \/>\nLes Angles laisse aujourd\u2019hui place \u00e0 des infrastructures modernes, mais garde son vieux village plein d\u2019histoire.<br \/>\nLa station des Angles souhaite rester une station conviviale, innovante et dynamique.<\/p>\n","protected":false},"excerpt":{"rendered":"<p>Les Angles, c\u2019est la station de toutes les glisses. Les Angles, c\u2019est aussi un apr\u00e8s ski dynamique et chaleureux, le charme d\u2019un vieux village Catalan alli\u00e9 aux atouts d\u2019une station de sports d\u2019hiver.<\/p>\n","protected":false},"author":4,"featured_media":53206,"parent":0,"menu_order":0,"comment_status":"closed","ping_status":"closed","template":"","meta":{"_acf_changed":false,"_et_pb_use_builder":"","_et_pb_old_content":"","_et_gb_content_width":"","inline_featured_image":false,"footnotes":""},"class_list":["post-55777","page","type-page","status-publish","has-post-thumbnail","hentry"],"acf":[],"yoast_head":"<!-- This site is optimized with the Yoast SEO plugin v27.3 - https:\/\/yoast.com\/product\/yoast-seo-wordpress\/ -->\n<title>Station village - Les Angles<\/title>\n<meta name=\"robots\" content=\"index, follow, max-snippet:-1, max-image-preview:large, max-video-preview:-1\" \/>\n<link rel=\"canonical\" href=\"https:\/\/lesangles.com\/es\/station-village\/\" \/>\n<meta property=\"og:locale\" content=\"es_ES\" \/>\n<meta property=\"og:type\" content=\"article\" \/>\n<meta property=\"og:title\" content=\"Station village - Les Angles\" \/>\n<meta property=\"og:description\" content=\"Les Angles, c\u2019est la station de toutes les glisses. Les Angles, c\u2019est aussi un apr\u00e8s ski dynamique et chaleureux, le charme d\u2019un vieux village Catalan alli\u00e9 aux atouts d\u2019une station de sports d\u2019hiver.\" \/>\n<meta property=\"og:site_name\" content=\"Les Angles\" \/>\n<meta property=\"article:modified_time\" content=\"2024-02-23T12:38:56+00:00\" \/>\n<meta property=\"og:image\" content=\"https:\/\/lesangles.com\/wp-content\/uploads\/2021\/05\/Fototheque-Les-Angles-SB-1087.jpg\" \/>\n\t<meta property=\"og:image:width\" content=\"2500\" \/>\n\t<meta property=\"og:image:height\" content=\"1660\" \/>\n\t<meta property=\"og:image:type\" content=\"image\/jpeg\" \/>\n<meta name=\"twitter:card\" content=\"summary_large_image\" \/>\n<meta name=\"twitter:label1\" content=\"Tiempo de lectura\" \/>\n\t<meta name=\"twitter:data1\" content=\"2 minutos\" \/>\n<script type=\"application\/ld+json\" class=\"yoast-schema-graph\">{\"@context\":\"https:\\\/\\\/schema.org\",\"@graph\":[{\"@type\":\"WebPage\",\"@id\":\"https:\\\/\\\/lesangles.com\\\/es\\\/station-village\\\/\",\"url\":\"https:\\\/\\\/lesangles.com\\\/es\\\/station-village\\\/\",\"name\":\"Station village - Les Angles\",\"isPartOf\":{\"@id\":\"https:\\\/\\\/lesangles.com\\\/es\\\/#website\"},\"primaryImageOfPage\":{\"@id\":\"https:\\\/\\\/lesangles.com\\\/es\\\/station-village\\\/#primaryimage\"},\"image\":{\"@id\":\"https:\\\/\\\/lesangles.com\\\/es\\\/station-village\\\/#primaryimage\"},\"thumbnailUrl\":\"https:\\\/\\\/lesangles.com\\\/wp-content\\\/uploads\\\/2021\\\/05\\\/Fototheque-Les-Angles-SB-1087.jpg\",\"datePublished\":\"2021-04-07T08:33:30+00:00\",\"dateModified\":\"2024-02-23T12:38:56+00:00\",\"breadcrumb\":{\"@id\":\"https:\\\/\\\/lesangles.com\\\/es\\\/station-village\\\/#breadcrumb\"},\"inLanguage\":\"es\",\"potentialAction\":[{\"@type\":\"ReadAction\",\"target\":[\"https:\\\/\\\/lesangles.com\\\/es\\\/station-village\\\/\"]}]},{\"@type\":\"ImageObject\",\"inLanguage\":\"es\",\"@id\":\"https:\\\/\\\/lesangles.com\\\/es\\\/station-village\\\/#primaryimage\",\"url\":\"https:\\\/\\\/lesangles.com\\\/wp-content\\\/uploads\\\/2021\\\/05\\\/Fototheque-Les-Angles-SB-1087.jpg\",\"contentUrl\":\"https:\\\/\\\/lesangles.com\\\/wp-content\\\/uploads\\\/2021\\\/05\\\/Fototheque-Les-Angles-SB-1087.jpg\",\"width\":2500,\"height\":1660},{\"@type\":\"BreadcrumbList\",\"@id\":\"https:\\\/\\\/lesangles.com\\\/es\\\/station-village\\\/#breadcrumb\",\"itemListElement\":[{\"@type\":\"ListItem\",\"position\":1,\"name\":\"Accueil\",\"item\":\"https:\\\/\\\/lesangles.com\\\/es\\\/\"},{\"@type\":\"ListItem\",\"position\":2,\"name\":\"Station village\"}]},{\"@type\":\"WebSite\",\"@id\":\"https:\\\/\\\/lesangles.com\\\/es\\\/#website\",\"url\":\"https:\\\/\\\/lesangles.com\\\/es\\\/\",\"name\":\"Les Angles\",\"description\":\"Station quatre saisons de ski dans les Pyr\u00e9n\u00e9es-Orientales\",\"potentialAction\":[{\"@type\":\"SearchAction\",\"target\":{\"@type\":\"EntryPoint\",\"urlTemplate\":\"https:\\\/\\\/lesangles.com\\\/es\\\/?s={search_term_string}\"},\"query-input\":{\"@type\":\"PropertyValueSpecification\",\"valueRequired\":true,\"valueName\":\"search_term_string\"}}],\"inLanguage\":\"es\"}]}<\/script>\n<!-- \/ Yoast SEO plugin. -->","yoast_head_json":{"title":"Station village - Les Angles","robots":{"index":"index","follow":"follow","max-snippet":"max-snippet:-1","max-image-preview":"max-image-preview:large","max-video-preview":"max-video-preview:-1"},"canonical":"https:\/\/lesangles.com\/es\/station-village\/","og_locale":"es_ES","og_type":"article","og_title":"Station village - Les Angles","og_description":"Les Angles, c\u2019est la station de toutes les glisses. Les Angles, c\u2019est aussi un apr\u00e8s ski dynamique et chaleureux, le charme d\u2019un vieux village Catalan alli\u00e9 aux atouts d\u2019une station de sports d\u2019hiver.","og_site_name":"Les Angles","article_modified_time":"2024-02-23T12:38:56+00:00","og_image":[{"width":2500,"height":1660,"url":"https:\/\/lesangles.com\/wp-content\/uploads\/2021\/05\/Fototheque-Les-Angles-SB-1087.jpg","type":"image\/jpeg"}],"twitter_card":"summary_large_image","twitter_misc":{"Tiempo de lectura":"2 minutos"},"schema":{"@context":"https:\/\/schema.org","@graph":[{"@type":"WebPage","@id":"https:\/\/lesangles.com\/es\/station-village\/","url":"https:\/\/lesangles.com\/es\/station-village\/","name":"Station village - Les Angles","isPartOf":{"@id":"https:\/\/lesangles.com\/es\/#website"},"primaryImageOfPage":{"@id":"https:\/\/lesangles.com\/es\/station-village\/#primaryimage"},"image":{"@id":"https:\/\/lesangles.com\/es\/station-village\/#primaryimage"},"thumbnailUrl":"https:\/\/lesangles.com\/wp-content\/uploads\/2021\/05\/Fototheque-Les-Angles-SB-1087.jpg","datePublished":"2021-04-07T08:33:30+00:00","dateModified":"2024-02-23T12:38:56+00:00","breadcrumb":{"@id":"https:\/\/lesangles.com\/es\/station-village\/#breadcrumb"},"inLanguage":"es","potentialAction":[{"@type":"ReadAction","target":["https:\/\/lesangles.com\/es\/station-village\/"]}]},{"@type":"ImageObject","inLanguage":"es","@id":"https:\/\/lesangles.com\/es\/station-village\/#primaryimage","url":"https:\/\/lesangles.com\/wp-content\/uploads\/2021\/05\/Fototheque-Les-Angles-SB-1087.jpg","contentUrl":"https:\/\/lesangles.com\/wp-content\/uploads\/2021\/05\/Fototheque-Les-Angles-SB-1087.jpg","width":2500,"height":1660},{"@type":"BreadcrumbList","@id":"https:\/\/lesangles.com\/es\/station-village\/#breadcrumb","itemListElement":[{"@type":"ListItem","position":1,"name":"Accueil","item":"https:\/\/lesangles.com\/es\/"},{"@type":"ListItem","position":2,"name":"Station village"}]},{"@type":"WebSite","@id":"https:\/\/lesangles.com\/es\/#website","url":"https:\/\/lesangles.com\/es\/","name":"Les Angles","description":"Station quatre saisons de ski dans les Pyr\u00e9n\u00e9es-Orientales","potentialAction":[{"@type":"SearchAction","target":{"@type":"EntryPoint","urlTemplate":"https:\/\/lesangles.com\/es\/?s={search_term_string}"},"query-input":{"@type":"PropertyValueSpecification","valueRequired":true,"valueName":"search_term_string"}}],"inLanguage":"es"}]}},"_links":{"self":[{"href":"https:\/\/lesangles.com\/es\/wp-json\/wp\/v2\/pages\/55777","targetHints":{"allow":["GET"]}}],"collection":[{"href":"https:\/\/lesangles.com\/es\/wp-json\/wp\/v2\/pages"}],"about":[{"href":"https:\/\/lesangles.com\/es\/wp-json\/wp\/v2\/types\/page"}],"author":[{"embeddable":true,"href":"https:\/\/lesangles.com\/es\/wp-json\/wp\/v2\/users\/4"}],"replies":[{"embeddable":true,"href":"https:\/\/lesangles.com\/es\/wp-json\/wp\/v2\/comments?post=55777"}],"version-history":[{"count":0,"href":"https:\/\/lesangles.com\/es\/wp-json\/wp\/v2\/pages\/55777\/revisions"}],"wp:featuredmedia":[{"embeddable":true,"href":"https:\/\/lesangles.com\/es\/wp-json\/wp\/v2\/media\/53206"}],"wp:attachment":[{"href":"https:\/\/lesangles.com\/es\/wp-json\/wp\/v2\/media?parent=55777"}],"curies":[{"name":"wp","href":"https:\/\/api.w.org\/{rel}","templated":true}]}}