{"id":55775,"date":"2021-04-07T09:33:30","date_gmt":"2021-04-07T08:33:30","guid":{"rendered":"https:\/\/lesangles.com\/station-village\/"},"modified":"2022-07-20T13:22:06","modified_gmt":"2022-07-20T12:22:06","slug":"station-village","status":"publish","type":"page","link":"https:\/\/lesangles.com\/ca\/station-village\/","title":{"rendered":"Poble estaci\u00f3"},"content":{"rendered":"<p>L\u2019estaci\u00f3 d&#8217;esqu\u00ed, creada el 1964 per Paul Samson, \u00e9s actualment una de les estacions de m\u00e9s \u00e8xit dels Pirineus des de fa 5 d\u00e8cades.<br \/>\nL&#8217;estaci\u00f3 dels Angles, gr\u00e0cies al seu concepte \u00fanic als Pirineus Orientals de \u00abPoble Estaci\u00f3 d&#8217;esqu\u00ed\u00bb, \u00e9s coneguda arreu pel seu domini esquiable que et permet arribar esquiant fins a la torre del campanar. Tamb\u00e9 \u00e9s famosa per la professionalitat de tots els que hi treballen i per la qualitat dels seus serveis. Il\u00b7luminada pel sol mediterrani, l&#8217;estaci\u00f3 d\u2019esqu\u00ed dels Angles t\u00e9 una ubicaci\u00f3 privilegiada a la plana del Capcir, als Pirineus catalans.<br \/>\nDe matinada, els boscos i llacs recorden un paisatge del Canad\u00e0. L\u2019any 1964 va comen\u00e7ar aquesta aventura amb la instal\u00b7laci\u00f3 del primer telecadira. Aviat s\u2019hi van sumar 2 teleesqu\u00eds.<br \/>\nAvui dia, Els Angles \u00e9s una din\u00e0mica estaci\u00f3 d\u2019esports d\u2019hivern. Els punts forts de l&#8217;estaci\u00f3 s\u00f3n un domini esquiable de qualitat, una situaci\u00f3 propicia a les nevades, unes vistes excepcionals del mass\u00eds del Carlit al peu del Canig\u00f3 i les seves pistes d\u2019aqu\u00ed fins al mateix campanar.<\/p>\n<p>&nbsp;<\/p>\n<p><img loading=\"lazy\" decoding=\"async\" class=\"alignnone wp-image-13411 size-full\" src=\"https:\/\/lesangles.com\/wp-content\/uploads\/2021\/04\/Station-village.png\" alt=\"\" width=\"1200\" height=\"400\" data-src=\"https:\/\/lesangles.com\/wp-content\/uploads\/2021\/04\/Station-village-300x100.png\" srcset=\"https:\/\/lesangles.com\/wp-content\/uploads\/2021\/04\/Station-village.png 1200w, https:\/\/lesangles.com\/wp-content\/uploads\/2021\/04\/Station-village-980x327.png 980w, https:\/\/lesangles.com\/wp-content\/uploads\/2021\/04\/Station-village-480x160.png 480w\" sizes=\"(min-width: 0px) and (max-width: 480px) 480px, (min-width: 481px) and (max-width: 980px) 980px, (min-width: 981px) 1200px, 100vw\" \/><\/p>\n<p>&nbsp;<\/p>\n<p>Els Angles \u00e9s l\u2019estaci\u00f3 de l\u2019esqu\u00ed i l\u2019snowboard&#8230; tothom hi \u00e9s benvingut. Els Angles tamb\u00e9 \u00e9s el dinamisme hivernal i l\u2019encant d\u2019un antic poble catal\u00e0 que ofereix tots els serveis d\u2019una estaci\u00f3 d\u2019esports d\u2019hivern.<br \/>\nL\u2019estaci\u00f3, que s&#8217;est\u00e9n pels vessants del Roc d&#8217;Aude i del Mont Llaret, entre 1.600\u00a0m i 2.400\u00a0m d&#8217;altitud, ofereix 60\u00a0km de pistes de tots els nivells.<br \/>\nGr\u00e0cies a la seva capacitat d\u2019innovaci\u00f3 permanent quant a l&#8217;esqu\u00ed, ha forjat una bona reputaci\u00f3 amb conceptes originals i com a estaci\u00f3 d\u2019esqu\u00ed de qualitat. Les pistes travessen els boscos i desprenen respecte per la natura.<br \/>\nActualment, Els Angles deixa pas a les infraestructures modernes, tot i que conserva el seu poble antic ple d\u2019hist\u00f2ria.<br \/>\nL\u2019estaci\u00f3 dels Angles vol continuar sent una estaci\u00f3 familiar, innovadora i din\u00e0mica.<\/p>\n","protected":false},"excerpt":{"rendered":"<p>Els Angles \u00e9s l\u2019estaci\u00f3 de l\u2019esqu\u00ed i l\u2019snowboard. Els Angles tamb\u00e9 \u00e9s una zona de relaxaci\u00f3 despr\u00e9s d\u2019esquiar din\u00e0mica i acollidora, i l\u2019encant d\u2019un antic poble catal\u00e0 que ofereix tots els serveis d\u2019una estaci\u00f3 d\u2019esports d\u2019hivern.<\/p>\n","protected":false},"author":4,"featured_media":53204,"parent":0,"menu_order":0,"comment_status":"closed","ping_status":"closed","template":"","meta":{"_acf_changed":false,"_et_pb_use_builder":"","_et_pb_old_content":"","_et_gb_content_width":"","inline_featured_image":false,"footnotes":""},"class_list":["post-55775","page","type-page","status-publish","has-post-thumbnail","hentry"],"acf":[],"yoast_head":"<!-- This site is optimized with the Yoast SEO plugin v27.3 - https:\/\/yoast.com\/product\/yoast-seo-wordpress\/ -->\n<title>Poble estaci\u00f3 - Les Angles<\/title>\n<meta name=\"robots\" content=\"index, follow, max-snippet:-1, max-image-preview:large, max-video-preview:-1\" \/>\n<link rel=\"canonical\" href=\"https:\/\/lesangles.com\/ca\/station-village\/\" \/>\n<meta property=\"og:locale\" content=\"ca_ES\" \/>\n<meta property=\"og:type\" content=\"article\" \/>\n<meta property=\"og:title\" content=\"Poble estaci\u00f3 - Les Angles\" \/>\n<meta property=\"og:description\" content=\"Els Angles \u00e9s l\u2019estaci\u00f3 de l\u2019esqu\u00ed i l\u2019snowboard. Els Angles tamb\u00e9 \u00e9s una zona de relaxaci\u00f3 despr\u00e9s d\u2019esquiar din\u00e0mica i acollidora, i l\u2019encant d\u2019un antic poble catal\u00e0 que ofereix tots els serveis d\u2019una estaci\u00f3 d\u2019esports d\u2019hivern.\" \/>\n<meta property=\"og:site_name\" content=\"Les Angles\" \/>\n<meta property=\"article:modified_time\" content=\"2022-07-20T12:22:06+00:00\" \/>\n<meta property=\"og:image\" content=\"https:\/\/lesangles.com\/wp-content\/uploads\/2021\/05\/Fototheque-Les-Angles-SB-1087.jpg\" \/>\n\t<meta property=\"og:image:width\" content=\"2500\" \/>\n\t<meta property=\"og:image:height\" content=\"1660\" \/>\n\t<meta property=\"og:image:type\" content=\"image\/jpeg\" \/>\n<meta name=\"twitter:card\" content=\"summary_large_image\" \/>\n<meta name=\"twitter:label1\" content=\"Temps estimat de lectura\" \/>\n\t<meta name=\"twitter:data1\" content=\"2 minuts\" \/>\n<script type=\"application\/ld+json\" class=\"yoast-schema-graph\">{\"@context\":\"https:\\\/\\\/schema.org\",\"@graph\":[{\"@type\":\"WebPage\",\"@id\":\"https:\\\/\\\/lesangles.com\\\/ca\\\/station-village\\\/\",\"url\":\"https:\\\/\\\/lesangles.com\\\/ca\\\/station-village\\\/\",\"name\":\"Poble estaci\u00f3 - Les Angles\",\"isPartOf\":{\"@id\":\"https:\\\/\\\/lesangles.com\\\/ca\\\/#website\"},\"primaryImageOfPage\":{\"@id\":\"https:\\\/\\\/lesangles.com\\\/ca\\\/station-village\\\/#primaryimage\"},\"image\":{\"@id\":\"https:\\\/\\\/lesangles.com\\\/ca\\\/station-village\\\/#primaryimage\"},\"thumbnailUrl\":\"https:\\\/\\\/lesangles.com\\\/wp-content\\\/uploads\\\/2021\\\/05\\\/Fototheque-Les-Angles-SB-1087.jpg\",\"datePublished\":\"2021-04-07T08:33:30+00:00\",\"dateModified\":\"2022-07-20T12:22:06+00:00\",\"breadcrumb\":{\"@id\":\"https:\\\/\\\/lesangles.com\\\/ca\\\/station-village\\\/#breadcrumb\"},\"inLanguage\":\"ca\",\"potentialAction\":[{\"@type\":\"ReadAction\",\"target\":[\"https:\\\/\\\/lesangles.com\\\/ca\\\/station-village\\\/\"]}]},{\"@type\":\"ImageObject\",\"inLanguage\":\"ca\",\"@id\":\"https:\\\/\\\/lesangles.com\\\/ca\\\/station-village\\\/#primaryimage\",\"url\":\"https:\\\/\\\/lesangles.com\\\/wp-content\\\/uploads\\\/2021\\\/05\\\/Fototheque-Les-Angles-SB-1087.jpg\",\"contentUrl\":\"https:\\\/\\\/lesangles.com\\\/wp-content\\\/uploads\\\/2021\\\/05\\\/Fototheque-Les-Angles-SB-1087.jpg\",\"width\":2500,\"height\":1660},{\"@type\":\"BreadcrumbList\",\"@id\":\"https:\\\/\\\/lesangles.com\\\/ca\\\/station-village\\\/#breadcrumb\",\"itemListElement\":[{\"@type\":\"ListItem\",\"position\":1,\"name\":\"Accueil\",\"item\":\"https:\\\/\\\/lesangles.com\\\/ca\\\/\"},{\"@type\":\"ListItem\",\"position\":2,\"name\":\"Poble estaci\u00f3\"}]},{\"@type\":\"WebSite\",\"@id\":\"https:\\\/\\\/lesangles.com\\\/ca\\\/#website\",\"url\":\"https:\\\/\\\/lesangles.com\\\/ca\\\/\",\"name\":\"Les Angles\",\"description\":\"Station quatre saisons de ski dans les Pyr\u00e9n\u00e9es-Orientales\",\"potentialAction\":[{\"@type\":\"SearchAction\",\"target\":{\"@type\":\"EntryPoint\",\"urlTemplate\":\"https:\\\/\\\/lesangles.com\\\/ca\\\/?s={search_term_string}\"},\"query-input\":{\"@type\":\"PropertyValueSpecification\",\"valueRequired\":true,\"valueName\":\"search_term_string\"}}],\"inLanguage\":\"ca\"}]}<\/script>\n<!-- \/ Yoast SEO plugin. -->","yoast_head_json":{"title":"Poble estaci\u00f3 - Les Angles","robots":{"index":"index","follow":"follow","max-snippet":"max-snippet:-1","max-image-preview":"max-image-preview:large","max-video-preview":"max-video-preview:-1"},"canonical":"https:\/\/lesangles.com\/ca\/station-village\/","og_locale":"ca_ES","og_type":"article","og_title":"Poble estaci\u00f3 - Les Angles","og_description":"Els Angles \u00e9s l\u2019estaci\u00f3 de l\u2019esqu\u00ed i l\u2019snowboard. Els Angles tamb\u00e9 \u00e9s una zona de relaxaci\u00f3 despr\u00e9s d\u2019esquiar din\u00e0mica i acollidora, i l\u2019encant d\u2019un antic poble catal\u00e0 que ofereix tots els serveis d\u2019una estaci\u00f3 d\u2019esports d\u2019hivern.","og_site_name":"Les Angles","article_modified_time":"2022-07-20T12:22:06+00:00","og_image":[{"width":2500,"height":1660,"url":"https:\/\/lesangles.com\/wp-content\/uploads\/2021\/05\/Fototheque-Les-Angles-SB-1087.jpg","type":"image\/jpeg"}],"twitter_card":"summary_large_image","twitter_misc":{"Temps estimat de lectura":"2 minuts"},"schema":{"@context":"https:\/\/schema.org","@graph":[{"@type":"WebPage","@id":"https:\/\/lesangles.com\/ca\/station-village\/","url":"https:\/\/lesangles.com\/ca\/station-village\/","name":"Poble estaci\u00f3 - Les Angles","isPartOf":{"@id":"https:\/\/lesangles.com\/ca\/#website"},"primaryImageOfPage":{"@id":"https:\/\/lesangles.com\/ca\/station-village\/#primaryimage"},"image":{"@id":"https:\/\/lesangles.com\/ca\/station-village\/#primaryimage"},"thumbnailUrl":"https:\/\/lesangles.com\/wp-content\/uploads\/2021\/05\/Fototheque-Les-Angles-SB-1087.jpg","datePublished":"2021-04-07T08:33:30+00:00","dateModified":"2022-07-20T12:22:06+00:00","breadcrumb":{"@id":"https:\/\/lesangles.com\/ca\/station-village\/#breadcrumb"},"inLanguage":"ca","potentialAction":[{"@type":"ReadAction","target":["https:\/\/lesangles.com\/ca\/station-village\/"]}]},{"@type":"ImageObject","inLanguage":"ca","@id":"https:\/\/lesangles.com\/ca\/station-village\/#primaryimage","url":"https:\/\/lesangles.com\/wp-content\/uploads\/2021\/05\/Fototheque-Les-Angles-SB-1087.jpg","contentUrl":"https:\/\/lesangles.com\/wp-content\/uploads\/2021\/05\/Fototheque-Les-Angles-SB-1087.jpg","width":2500,"height":1660},{"@type":"BreadcrumbList","@id":"https:\/\/lesangles.com\/ca\/station-village\/#breadcrumb","itemListElement":[{"@type":"ListItem","position":1,"name":"Accueil","item":"https:\/\/lesangles.com\/ca\/"},{"@type":"ListItem","position":2,"name":"Poble estaci\u00f3"}]},{"@type":"WebSite","@id":"https:\/\/lesangles.com\/ca\/#website","url":"https:\/\/lesangles.com\/ca\/","name":"Les Angles","description":"Station quatre saisons de ski dans les Pyr\u00e9n\u00e9es-Orientales","potentialAction":[{"@type":"SearchAction","target":{"@type":"EntryPoint","urlTemplate":"https:\/\/lesangles.com\/ca\/?s={search_term_string}"},"query-input":{"@type":"PropertyValueSpecification","valueRequired":true,"valueName":"search_term_string"}}],"inLanguage":"ca"}]}},"_links":{"self":[{"href":"https:\/\/lesangles.com\/ca\/wp-json\/wp\/v2\/pages\/55775","targetHints":{"allow":["GET"]}}],"collection":[{"href":"https:\/\/lesangles.com\/ca\/wp-json\/wp\/v2\/pages"}],"about":[{"href":"https:\/\/lesangles.com\/ca\/wp-json\/wp\/v2\/types\/page"}],"author":[{"embeddable":true,"href":"https:\/\/lesangles.com\/ca\/wp-json\/wp\/v2\/users\/4"}],"replies":[{"embeddable":true,"href":"https:\/\/lesangles.com\/ca\/wp-json\/wp\/v2\/comments?post=55775"}],"version-history":[{"count":0,"href":"https:\/\/lesangles.com\/ca\/wp-json\/wp\/v2\/pages\/55775\/revisions"}],"wp:featuredmedia":[{"embeddable":true,"href":"https:\/\/lesangles.com\/ca\/wp-json\/wp\/v2\/media\/53204"}],"wp:attachment":[{"href":"https:\/\/lesangles.com\/ca\/wp-json\/wp\/v2\/media?parent=55775"}],"curies":[{"name":"wp","href":"https:\/\/api.w.org\/{rel}","templated":true}]}}